{"id":952,"date":"2023-08-24T08:06:44","date_gmt":"2023-08-24T08:06:44","guid":{"rendered":"https:\/\/smasp.org\/web1\/?page_id=952"},"modified":"2023-08-24T08:10:16","modified_gmt":"2023-08-24T08:10:16","slug":"canal-de-contacto","status":"publish","type":"page","link":"https:\/\/smasp.org\/web1\/canal-de-contacto\/","title":{"rendered":"CANAL DE CONTACTO"},"content":{"rendered":"\t\t<div data-elementor-type=\"wp-page\" data-elementor-id=\"952\" class=\"elementor elementor-952\" data-elementor-post-type=\"page\">\n\t\t\t\t<div class=\"elementor-element elementor-element-506a3aa e-flex e-con-boxed wpr-particle-no wpr-jarallax-no wpr-parallax-no wpr-sticky-section-no e-con e-parent\" data-id=\"506a3aa\" data-element_type=\"container\" data-e-type=\"container\">\n\t\t\t\t\t<div class=\"e-con-inner\">\n\t\t\t\t<div class=\"elementor-element elementor-element-67b5d88 exad-sticky-section-no exad-glass-effect-no elementor-widget elementor-widget-heading\" data-id=\"67b5d88\" data-element_type=\"widget\" data-e-type=\"widget\" data-widget_type=\"heading.default\">\n\t\t\t\t<div class=\"elementor-widget-container\">\n\t\t\t\t\t<h2 class=\"elementor-heading-title elementor-size-default\">TU OPINION ES MUY IMPORTANTE PARA NOSOTROS<\/h2>\t\t\t\t<\/div>\n\t\t\t\t<\/div>\n\t\t\t\t<div class=\"elementor-element elementor-element-36bd4a8 exad-sticky-section-no exad-glass-effect-no elementor-widget elementor-widget-text-editor\" data-id=\"36bd4a8\" data-element_type=\"widget\" data-e-type=\"widget\" data-widget_type=\"text-editor.default\">\n\t\t\t\t<div class=\"elementor-widget-container\">\n\t\t\t\t\t\t\t\t\t<p><strong>SMASP<\/strong> ha creado y puesto a disposici\u00f3n de todas las personas de la organizaci\u00f3n, as\u00ed como de terceros, un Canal de Denuncia confidencial an\u00f3nimo, dotado de las mayores garant\u00edas tanto para la persona denunciante como para denunciada.<\/p><p>El Canal de Denuncia es la herramienta que permite la comunicaci\u00f3n de actividades y conductas que puedan suponer un incumplimiento de los principios y normas descritos en el C\u00f3digo de Conducta y en el resto de los protocolos y procedimientos que integran el Sistema de Cumplimiento, as\u00ed como un comportamiento contrario a la Filosof\u00eda y el Estilo de Actuaci\u00f3n de <strong>SMASP.<\/strong><\/p><p><strong>SMASP<\/strong> cuenta asimismo con un Canal de Consultas y Sugerencias que ofrece id\u00e9nticas garant\u00edas a sus usuarios.<\/p><p>El Canal de Consultas y Sugerencias es la herramienta que permite plantear cualquier duda al Comit\u00e9 de \u00c9tica y Cumplimiento Normativo acerca de c\u00f3mo actuar frente a una situaci\u00f3n que puede entra\u00f1ar riesgo de incumplimiento o acerca del contenido del C\u00f3digo de Conducta o de las pol\u00edticas y\/o de la normativa aplicable en <strong>SMASP.<\/strong><\/p>\t\t\t\t\t\t\t\t<\/div>\n\t\t\t\t<\/div>\n\t\t\t\t\t<\/div>\n\t\t\t\t<\/div>\n\t\t\t\t<\/div>\n\t\t","protected":false},"excerpt":{"rendered":"<p>TU OPINION ES MUY IMPORTANTE PARA NOSOTROS SMASP ha creado y puesto a disposici\u00f3n de todas las personas de la organizaci\u00f3n, as\u00ed como de terceros, un Canal de Denuncia confidencial an\u00f3nimo, dotado de las mayores garant\u00edas tanto para la persona denunciante como para denunciada. El Canal de Denuncia es la herramienta que permite la comunicaci\u00f3n de actividades y conductas que puedan suponer un incumplimiento de los principios y normas descritos en el C\u00f3digo de Conducta y en el resto de los protocolos y procedimientos que integran el Sistema de Cumplimiento, as\u00ed como un comportamiento contrario a la Filosof\u00eda y el Estilo de Actuaci\u00f3n de SMASP. SMASP cuenta asimismo con un Canal de Consultas y Sugerencias que ofrece id\u00e9nticas garant\u00edas a sus usuarios. El Canal de Consultas y Sugerencias es la herramienta que permite plantear cualquier duda al Comit\u00e9 de \u00c9tica y Cumplimiento Normativo acerca de c\u00f3mo actuar frente a una situaci\u00f3n que puede entra\u00f1ar riesgo de incumplimiento o acerca del contenido del C\u00f3digo de Conducta o de las pol\u00edticas y\/o de la normativa aplicable en SMASP.<\/p>\n","protected":false},"author":1,"featured_media":0,"parent":0,"menu_order":0,"comment_status":"closed","ping_status":"closed","template":"","meta":{"_bbp_topic_count":0,"_bbp_reply_count":0,"_bbp_total_topic_count":0,"_bbp_total_reply_count":0,"_bbp_voice_count":0,"_bbp_anonymous_reply_count":0,"_bbp_topic_count_hidden":0,"_bbp_reply_count_hidden":0,"_bbp_forum_subforum_count":0,"_eb_attr":"","om_disable_all_campaigns":false,"_monsterinsights_skip_tracking":false,"_monsterinsights_sitenote_active":false,"_monsterinsights_sitenote_note":"","_monsterinsights_sitenote_category":0,"_uf_show_specific_survey":0,"_uf_disable_surveys":false,"footnotes":""},"class_list":["post-952","page","type-page","status-publish","hentry"],"yoast_head":"<!-- This site is optimized with the Yoast SEO plugin v27.1.1 - https:\/\/yoast.com\/product\/yoast-seo-wordpress\/ -->\n<title>CANAL DE CONTACTO - SMASP<\/title>\n<meta name=\"description\" content=\"canal de denuncias, sugerencias y contacto\" \/>\n<meta name=\"robots\" content=\"index, follow, max-snippet:-1, max-image-preview:large, max-video-preview:-1\" \/>\n<link rel=\"canonical\" href=\"https:\/\/smasp.org\/web1\/canal-de-contacto\/\" \/>\n<meta property=\"og:locale\" content=\"es_ES\" \/>\n<meta property=\"og:type\" content=\"article\" \/>\n<meta property=\"og:title\" content=\"CANAL DE CONTACTO - SMASP\" \/>\n<meta property=\"og:description\" content=\"canal de denuncias, sugerencias y contacto\" \/>\n<meta property=\"og:url\" content=\"https:\/\/smasp.org\/web1\/canal-de-contacto\/\" \/>\n<meta property=\"og:site_name\" content=\"SMASP\" \/>\n<meta property=\"article:modified_time\" content=\"2023-08-24T08:10:16+00:00\" \/>\n<meta name=\"twitter:card\" content=\"summary_large_image\" \/>\n<meta name=\"twitter:label1\" content=\"Tiempo de lectura\" \/>\n\t<meta name=\"twitter:data1\" content=\"1 minuto\" \/>\n<script type=\"application\/ld+json\" class=\"yoast-schema-graph\">{\"@context\":\"https:\/\/schema.org\",\"@graph\":[{\"@type\":\"WebPage\",\"@id\":\"https:\/\/smasp.org\/web1\/canal-de-contacto\/\",\"url\":\"https:\/\/smasp.org\/web1\/canal-de-contacto\/\",\"name\":\"CANAL DE CONTACTO - SMASP\",\"isPartOf\":{\"@id\":\"https:\/\/smasp.org\/web1\/#website\"},\"datePublished\":\"2023-08-24T08:06:44+00:00\",\"dateModified\":\"2023-08-24T08:10:16+00:00\",\"description\":\"canal de denuncias, sugerencias y contacto\",\"breadcrumb\":{\"@id\":\"https:\/\/smasp.org\/web1\/canal-de-contacto\/#breadcrumb\"},\"inLanguage\":\"es\",\"potentialAction\":[{\"@type\":\"ReadAction\",\"target\":[\"https:\/\/smasp.org\/web1\/canal-de-contacto\/\"]}]},{\"@type\":\"BreadcrumbList\",\"@id\":\"https:\/\/smasp.org\/web1\/canal-de-contacto\/#breadcrumb\",\"itemListElement\":[{\"@type\":\"ListItem\",\"position\":1,\"name\":\"Home\",\"item\":\"https:\/\/smasp.org\/web1\/\"},{\"@type\":\"ListItem\",\"position\":2,\"name\":\"CANAL DE CONTACTO\"}]},{\"@type\":\"WebSite\",\"@id\":\"https:\/\/smasp.org\/web1\/#website\",\"url\":\"https:\/\/smasp.org\/web1\/\",\"name\":\"SMASP\",\"description\":\"SMASP\",\"publisher\":{\"@id\":\"https:\/\/smasp.org\/web1\/#organization\"},\"potentialAction\":[{\"@type\":\"SearchAction\",\"target\":{\"@type\":\"EntryPoint\",\"urlTemplate\":\"https:\/\/smasp.org\/web1\/?s={search_term_string}\"},\"query-input\":{\"@type\":\"PropertyValueSpecification\",\"valueRequired\":true,\"valueName\":\"search_term_string\"}}],\"inLanguage\":\"es\"},{\"@type\":\"Organization\",\"@id\":\"https:\/\/smasp.org\/web1\/#organization\",\"name\":\"SMASP\",\"url\":\"https:\/\/smasp.org\/web1\/\",\"logo\":{\"@type\":\"ImageObject\",\"inLanguage\":\"es\",\"@id\":\"https:\/\/smasp.org\/web1\/#\/schema\/logo\/image\/\",\"url\":\"https:\/\/smasp.org\/web1\/wp-content\/uploads\/2023\/08\/SMASP_logo_RGB_1_512.png\",\"contentUrl\":\"https:\/\/smasp.org\/web1\/wp-content\/uploads\/2023\/08\/SMASP_logo_RGB_1_512.png\",\"width\":512,\"height\":550,\"caption\":\"SMASP\"},\"image\":{\"@id\":\"https:\/\/smasp.org\/web1\/#\/schema\/logo\/image\/\"}}]}<\/script>\n<!-- \/ Yoast SEO plugin. -->","yoast_head_json":{"title":"CANAL DE CONTACTO - SMASP","description":"canal de denuncias, sugerencias y contacto","robots":{"index":"index","follow":"follow","max-snippet":"max-snippet:-1","max-image-preview":"max-image-preview:large","max-video-preview":"max-video-preview:-1"},"canonical":"https:\/\/smasp.org\/web1\/canal-de-contacto\/","og_locale":"es_ES","og_type":"article","og_title":"CANAL DE CONTACTO - SMASP","og_description":"canal de denuncias, sugerencias y contacto","og_url":"https:\/\/smasp.org\/web1\/canal-de-contacto\/","og_site_name":"SMASP","article_modified_time":"2023-08-24T08:10:16+00:00","twitter_card":"summary_large_image","twitter_misc":{"Tiempo de lectura":"1 minuto"},"schema":{"@context":"https:\/\/schema.org","@graph":[{"@type":"WebPage","@id":"https:\/\/smasp.org\/web1\/canal-de-contacto\/","url":"https:\/\/smasp.org\/web1\/canal-de-contacto\/","name":"CANAL DE CONTACTO - SMASP","isPartOf":{"@id":"https:\/\/smasp.org\/web1\/#website"},"datePublished":"2023-08-24T08:06:44+00:00","dateModified":"2023-08-24T08:10:16+00:00","description":"canal de denuncias, sugerencias y contacto","breadcrumb":{"@id":"https:\/\/smasp.org\/web1\/canal-de-contacto\/#breadcrumb"},"inLanguage":"es","potentialAction":[{"@type":"ReadAction","target":["https:\/\/smasp.org\/web1\/canal-de-contacto\/"]}]},{"@type":"BreadcrumbList","@id":"https:\/\/smasp.org\/web1\/canal-de-contacto\/#breadcrumb","itemListElement":[{"@type":"ListItem","position":1,"name":"Home","item":"https:\/\/smasp.org\/web1\/"},{"@type":"ListItem","position":2,"name":"CANAL DE CONTACTO"}]},{"@type":"WebSite","@id":"https:\/\/smasp.org\/web1\/#website","url":"https:\/\/smasp.org\/web1\/","name":"SMASP","description":"SMASP","publisher":{"@id":"https:\/\/smasp.org\/web1\/#organization"},"potentialAction":[{"@type":"SearchAction","target":{"@type":"EntryPoint","urlTemplate":"https:\/\/smasp.org\/web1\/?s={search_term_string}"},"query-input":{"@type":"PropertyValueSpecification","valueRequired":true,"valueName":"search_term_string"}}],"inLanguage":"es"},{"@type":"Organization","@id":"https:\/\/smasp.org\/web1\/#organization","name":"SMASP","url":"https:\/\/smasp.org\/web1\/","logo":{"@type":"ImageObject","inLanguage":"es","@id":"https:\/\/smasp.org\/web1\/#\/schema\/logo\/image\/","url":"https:\/\/smasp.org\/web1\/wp-content\/uploads\/2023\/08\/SMASP_logo_RGB_1_512.png","contentUrl":"https:\/\/smasp.org\/web1\/wp-content\/uploads\/2023\/08\/SMASP_logo_RGB_1_512.png","width":512,"height":550,"caption":"SMASP"},"image":{"@id":"https:\/\/smasp.org\/web1\/#\/schema\/logo\/image\/"}}]}},"_links":{"self":[{"href":"https:\/\/smasp.org\/web1\/wp-json\/wp\/v2\/pages\/952","targetHints":{"allow":["GET"]}}],"collection":[{"href":"https:\/\/smasp.org\/web1\/wp-json\/wp\/v2\/pages"}],"about":[{"href":"https:\/\/smasp.org\/web1\/wp-json\/wp\/v2\/types\/page"}],"author":[{"embeddable":true,"href":"https:\/\/smasp.org\/web1\/wp-json\/wp\/v2\/users\/1"}],"replies":[{"embeddable":true,"href":"https:\/\/smasp.org\/web1\/wp-json\/wp\/v2\/comments?post=952"}],"version-history":[{"count":7,"href":"https:\/\/smasp.org\/web1\/wp-json\/wp\/v2\/pages\/952\/revisions"}],"predecessor-version":[{"id":959,"href":"https:\/\/smasp.org\/web1\/wp-json\/wp\/v2\/pages\/952\/revisions\/959"}],"wp:attachment":[{"href":"https:\/\/smasp.org\/web1\/wp-json\/wp\/v2\/media?parent=952"}],"curies":[{"name":"wp","href":"https:\/\/api.w.org\/{rel}","templated":true}]}}