{"id":941,"date":"2023-08-24T08:00:54","date_gmt":"2023-08-24T08:00:54","guid":{"rendered":"https:\/\/smasp.org\/web1\/?page_id=941"},"modified":"2023-08-24T08:02:54","modified_gmt":"2023-08-24T08:02:54","slug":"politica-de-cumplimiento","status":"publish","type":"page","link":"https:\/\/smasp.org\/web1\/politica-de-cumplimiento\/","title":{"rendered":"POLITICA DE CUMPLIMIENTO"},"content":{"rendered":"\t\t<div data-elementor-type=\"wp-page\" data-elementor-id=\"941\" class=\"elementor elementor-941\" data-elementor-post-type=\"page\">\n\t\t\t\t<div class=\"elementor-element elementor-element-1fb3f44 e-flex e-con-boxed wpr-particle-no wpr-jarallax-no wpr-parallax-no wpr-sticky-section-no e-con e-parent\" data-id=\"1fb3f44\" data-element_type=\"container\" data-e-type=\"container\">\n\t\t\t\t\t<div class=\"e-con-inner\">\n\t\t\t\t<div class=\"elementor-element elementor-element-c0204fa exad-sticky-section-no exad-glass-effect-no elementor-widget elementor-widget-heading\" data-id=\"c0204fa\" data-element_type=\"widget\" data-e-type=\"widget\" data-widget_type=\"heading.default\">\n\t\t\t\t<div class=\"elementor-widget-container\">\n\t\t\t\t\t<h2 class=\"elementor-heading-title elementor-size-default\">COMPROMISO CON LA ETICA Y EL CUMPLIMIENTO DE BASE DE NUESTRA REPUTACION Y EXITO EMPRESARIAL<\/h2>\t\t\t\t<\/div>\n\t\t\t\t<\/div>\n\t\t\t\t<div class=\"elementor-element elementor-element-b9e797d exad-sticky-section-no exad-glass-effect-no elementor-widget elementor-widget-text-editor\" data-id=\"b9e797d\" data-element_type=\"widget\" data-e-type=\"widget\" data-widget_type=\"text-editor.default\">\n\t\t\t\t<div class=\"elementor-widget-container\">\n\t\t\t\t\t\t\t\t\t<p>La Pol\u00edtica de Cumplimiento de <strong>SMASP<\/strong> establece el compromiso de la empresa con el cumplimiento de las leyes y normas aplicables, as\u00ed como la prevenci\u00f3n, detecci\u00f3n y sanci\u00f3n de posibles conductas inadecuadas o il\u00edcitas. Tambi\u00e9n refuerza el compromiso de la empresa con las mejores pr\u00e1cticas de Buen Gobierno Corporativo, la Responsabilidad Social Corporativa y otros valores que gu\u00edan su manera de actuar.<br \/>La Pol\u00edtica de Cumplimiento se aplica a todas las personas que forman parte de <strong>SMASP<\/strong>, incluyendo el Consejo de Administraci\u00f3n, la Direcci\u00f3n, colaboradores, clientes y proveedores, y se busca hacerla extensible a los socios comerciales y profesionales de <strong>SMASP<\/strong>. La empresa cuenta con los recursos necesarios, incluyendo asesoramiento jur\u00eddico externo, para cumplir con estas pol\u00edticas y valores.<br \/>El objetivo principal de la Pol\u00edtica de Cumplimiento es asegurar que <strong>SMASP<\/strong> act\u00fae con \u00e9tica y transparencia en todas sus actividades y se gestione adecuadamente los riesgos asociados. Esto no solo protege a la empresa, sino que tambi\u00e9n contribuye a mantener una sociedad m\u00e1s justa y equitativa.<\/p>\t\t\t\t\t\t\t\t<\/div>\n\t\t\t\t<\/div>\n\t\t\t\t\t<\/div>\n\t\t\t\t<\/div>\n\t\t\t\t<\/div>\n\t\t","protected":false},"excerpt":{"rendered":"<p>COMPROMISO CON LA ETICA Y EL CUMPLIMIENTO DE BASE DE NUESTRA REPUTACION Y EXITO EMPRESARIAL La Pol\u00edtica de Cumplimiento de SMASP establece el compromiso de la empresa con el cumplimiento de las leyes y normas aplicables, as\u00ed como la prevenci\u00f3n, detecci\u00f3n y sanci\u00f3n de posibles conductas inadecuadas o il\u00edcitas. Tambi\u00e9n refuerza el compromiso de la empresa con las mejores pr\u00e1cticas de Buen Gobierno Corporativo, la Responsabilidad Social Corporativa y otros valores que gu\u00edan su manera de actuar. La Pol\u00edtica de Cumplimiento se aplica a todas las personas que forman parte de SMASP, incluyendo el Consejo de Administraci\u00f3n, la Direcci\u00f3n, colaboradores, clientes y proveedores, y se busca hacerla extensible a los socios comerciales y profesionales de SMASP. La empresa cuenta con los recursos necesarios, incluyendo asesoramiento jur\u00eddico externo, para cumplir con estas pol\u00edticas y valores. El objetivo principal de la Pol\u00edtica de Cumplimiento es asegurar que SMASP act\u00fae con \u00e9tica y transparencia en todas sus actividades y se gestione adecuadamente los riesgos asociados. Esto no solo protege a la empresa, sino que tambi\u00e9n contribuye a mantener una sociedad m\u00e1s justa y equitativa.<\/p>\n","protected":false},"author":1,"featured_media":0,"parent":0,"menu_order":0,"comment_status":"closed","ping_status":"closed","template":"","meta":{"_bbp_topic_count":0,"_bbp_reply_count":0,"_bbp_total_topic_count":0,"_bbp_total_reply_count":0,"_bbp_voice_count":0,"_bbp_anonymous_reply_count":0,"_bbp_topic_count_hidden":0,"_bbp_reply_count_hidden":0,"_bbp_forum_subforum_count":0,"_eb_attr":"","om_disable_all_campaigns":false,"_monsterinsights_skip_tracking":false,"_monsterinsights_sitenote_active":false,"_monsterinsights_sitenote_note":"","_monsterinsights_sitenote_category":0,"_uf_show_specific_survey":0,"_uf_disable_surveys":false,"footnotes":""},"class_list":["post-941","page","type-page","status-publish","hentry"],"yoast_head":"<!-- This site is optimized with the Yoast SEO plugin v27.1.1 - https:\/\/yoast.com\/product\/yoast-seo-wordpress\/ -->\n<title>POLITICA DE CUMPLIMIENTO - SMASP<\/title>\n<meta name=\"description\" content=\"pol\u00edtica de cumplimiento\" \/>\n<meta name=\"robots\" content=\"index, follow, max-snippet:-1, max-image-preview:large, max-video-preview:-1\" \/>\n<link rel=\"canonical\" href=\"https:\/\/smasp.org\/web1\/politica-de-cumplimiento\/\" \/>\n<meta property=\"og:locale\" content=\"es_ES\" \/>\n<meta property=\"og:type\" content=\"article\" \/>\n<meta property=\"og:title\" content=\"POLITICA DE CUMPLIMIENTO - SMASP\" \/>\n<meta property=\"og:description\" content=\"pol\u00edtica de cumplimiento\" \/>\n<meta property=\"og:url\" content=\"https:\/\/smasp.org\/web1\/politica-de-cumplimiento\/\" \/>\n<meta property=\"og:site_name\" content=\"SMASP\" \/>\n<meta property=\"article:modified_time\" content=\"2023-08-24T08:02:54+00:00\" \/>\n<meta name=\"twitter:card\" content=\"summary_large_image\" \/>\n<meta name=\"twitter:label1\" content=\"Tiempo de lectura\" \/>\n\t<meta name=\"twitter:data1\" content=\"1 minuto\" \/>\n<script type=\"application\/ld+json\" class=\"yoast-schema-graph\">{\"@context\":\"https:\/\/schema.org\",\"@graph\":[{\"@type\":\"WebPage\",\"@id\":\"https:\/\/smasp.org\/web1\/politica-de-cumplimiento\/\",\"url\":\"https:\/\/smasp.org\/web1\/politica-de-cumplimiento\/\",\"name\":\"POLITICA DE CUMPLIMIENTO - SMASP\",\"isPartOf\":{\"@id\":\"https:\/\/smasp.org\/web1\/#website\"},\"datePublished\":\"2023-08-24T08:00:54+00:00\",\"dateModified\":\"2023-08-24T08:02:54+00:00\",\"description\":\"pol\u00edtica de cumplimiento\",\"breadcrumb\":{\"@id\":\"https:\/\/smasp.org\/web1\/politica-de-cumplimiento\/#breadcrumb\"},\"inLanguage\":\"es\",\"potentialAction\":[{\"@type\":\"ReadAction\",\"target\":[\"https:\/\/smasp.org\/web1\/politica-de-cumplimiento\/\"]}]},{\"@type\":\"BreadcrumbList\",\"@id\":\"https:\/\/smasp.org\/web1\/politica-de-cumplimiento\/#breadcrumb\",\"itemListElement\":[{\"@type\":\"ListItem\",\"position\":1,\"name\":\"Home\",\"item\":\"https:\/\/smasp.org\/web1\/\"},{\"@type\":\"ListItem\",\"position\":2,\"name\":\"POLITICA DE CUMPLIMIENTO\"}]},{\"@type\":\"WebSite\",\"@id\":\"https:\/\/smasp.org\/web1\/#website\",\"url\":\"https:\/\/smasp.org\/web1\/\",\"name\":\"SMASP\",\"description\":\"SMASP\",\"publisher\":{\"@id\":\"https:\/\/smasp.org\/web1\/#organization\"},\"potentialAction\":[{\"@type\":\"SearchAction\",\"target\":{\"@type\":\"EntryPoint\",\"urlTemplate\":\"https:\/\/smasp.org\/web1\/?s={search_term_string}\"},\"query-input\":{\"@type\":\"PropertyValueSpecification\",\"valueRequired\":true,\"valueName\":\"search_term_string\"}}],\"inLanguage\":\"es\"},{\"@type\":\"Organization\",\"@id\":\"https:\/\/smasp.org\/web1\/#organization\",\"name\":\"SMASP\",\"url\":\"https:\/\/smasp.org\/web1\/\",\"logo\":{\"@type\":\"ImageObject\",\"inLanguage\":\"es\",\"@id\":\"https:\/\/smasp.org\/web1\/#\/schema\/logo\/image\/\",\"url\":\"https:\/\/smasp.org\/web1\/wp-content\/uploads\/2023\/08\/SMASP_logo_RGB_1_512.png\",\"contentUrl\":\"https:\/\/smasp.org\/web1\/wp-content\/uploads\/2023\/08\/SMASP_logo_RGB_1_512.png\",\"width\":512,\"height\":550,\"caption\":\"SMASP\"},\"image\":{\"@id\":\"https:\/\/smasp.org\/web1\/#\/schema\/logo\/image\/\"}}]}<\/script>\n<!-- \/ Yoast SEO plugin. -->","yoast_head_json":{"title":"POLITICA DE CUMPLIMIENTO - SMASP","description":"pol\u00edtica de cumplimiento","robots":{"index":"index","follow":"follow","max-snippet":"max-snippet:-1","max-image-preview":"max-image-preview:large","max-video-preview":"max-video-preview:-1"},"canonical":"https:\/\/smasp.org\/web1\/politica-de-cumplimiento\/","og_locale":"es_ES","og_type":"article","og_title":"POLITICA DE CUMPLIMIENTO - SMASP","og_description":"pol\u00edtica de cumplimiento","og_url":"https:\/\/smasp.org\/web1\/politica-de-cumplimiento\/","og_site_name":"SMASP","article_modified_time":"2023-08-24T08:02:54+00:00","twitter_card":"summary_large_image","twitter_misc":{"Tiempo de lectura":"1 minuto"},"schema":{"@context":"https:\/\/schema.org","@graph":[{"@type":"WebPage","@id":"https:\/\/smasp.org\/web1\/politica-de-cumplimiento\/","url":"https:\/\/smasp.org\/web1\/politica-de-cumplimiento\/","name":"POLITICA DE CUMPLIMIENTO - SMASP","isPartOf":{"@id":"https:\/\/smasp.org\/web1\/#website"},"datePublished":"2023-08-24T08:00:54+00:00","dateModified":"2023-08-24T08:02:54+00:00","description":"pol\u00edtica de cumplimiento","breadcrumb":{"@id":"https:\/\/smasp.org\/web1\/politica-de-cumplimiento\/#breadcrumb"},"inLanguage":"es","potentialAction":[{"@type":"ReadAction","target":["https:\/\/smasp.org\/web1\/politica-de-cumplimiento\/"]}]},{"@type":"BreadcrumbList","@id":"https:\/\/smasp.org\/web1\/politica-de-cumplimiento\/#breadcrumb","itemListElement":[{"@type":"ListItem","position":1,"name":"Home","item":"https:\/\/smasp.org\/web1\/"},{"@type":"ListItem","position":2,"name":"POLITICA DE CUMPLIMIENTO"}]},{"@type":"WebSite","@id":"https:\/\/smasp.org\/web1\/#website","url":"https:\/\/smasp.org\/web1\/","name":"SMASP","description":"SMASP","publisher":{"@id":"https:\/\/smasp.org\/web1\/#organization"},"potentialAction":[{"@type":"SearchAction","target":{"@type":"EntryPoint","urlTemplate":"https:\/\/smasp.org\/web1\/?s={search_term_string}"},"query-input":{"@type":"PropertyValueSpecification","valueRequired":true,"valueName":"search_term_string"}}],"inLanguage":"es"},{"@type":"Organization","@id":"https:\/\/smasp.org\/web1\/#organization","name":"SMASP","url":"https:\/\/smasp.org\/web1\/","logo":{"@type":"ImageObject","inLanguage":"es","@id":"https:\/\/smasp.org\/web1\/#\/schema\/logo\/image\/","url":"https:\/\/smasp.org\/web1\/wp-content\/uploads\/2023\/08\/SMASP_logo_RGB_1_512.png","contentUrl":"https:\/\/smasp.org\/web1\/wp-content\/uploads\/2023\/08\/SMASP_logo_RGB_1_512.png","width":512,"height":550,"caption":"SMASP"},"image":{"@id":"https:\/\/smasp.org\/web1\/#\/schema\/logo\/image\/"}}]}},"_links":{"self":[{"href":"https:\/\/smasp.org\/web1\/wp-json\/wp\/v2\/pages\/941","targetHints":{"allow":["GET"]}}],"collection":[{"href":"https:\/\/smasp.org\/web1\/wp-json\/wp\/v2\/pages"}],"about":[{"href":"https:\/\/smasp.org\/web1\/wp-json\/wp\/v2\/types\/page"}],"author":[{"embeddable":true,"href":"https:\/\/smasp.org\/web1\/wp-json\/wp\/v2\/users\/1"}],"replies":[{"embeddable":true,"href":"https:\/\/smasp.org\/web1\/wp-json\/wp\/v2\/comments?post=941"}],"version-history":[{"count":5,"href":"https:\/\/smasp.org\/web1\/wp-json\/wp\/v2\/pages\/941\/revisions"}],"predecessor-version":[{"id":946,"href":"https:\/\/smasp.org\/web1\/wp-json\/wp\/v2\/pages\/941\/revisions\/946"}],"wp:attachment":[{"href":"https:\/\/smasp.org\/web1\/wp-json\/wp\/v2\/media?parent=941"}],"curies":[{"name":"wp","href":"https:\/\/api.w.org\/{rel}","templated":true}]}}