{"id":35,"date":"2023-08-14T10:23:36","date_gmt":"2023-08-14T10:23:36","guid":{"rendered":"https:\/\/smasp.org\/web1\/?page_id=35"},"modified":"2023-08-25T11:44:29","modified_gmt":"2023-08-25T11:44:29","slug":"noticias","status":"publish","type":"page","link":"https:\/\/smasp.org\/web1\/noticias\/","title":{"rendered":"NOTICIAS"},"content":{"rendered":"\t\t<div data-elementor-type=\"wp-page\" data-elementor-id=\"35\" class=\"elementor elementor-35\" data-elementor-post-type=\"page\">\n\t\t\t\t<div class=\"elementor-element elementor-element-c4b8410 e-flex e-con-boxed wpr-particle-no wpr-jarallax-no wpr-parallax-no wpr-sticky-section-no e-con e-parent\" data-id=\"c4b8410\" data-element_type=\"container\" data-e-type=\"container\">\n\t\t\t\t\t<div class=\"e-con-inner\">\n\t\t\t\t<div class=\"elementor-element elementor-element-1f773b5 elementor-grid-3 elementor-grid-tablet-2 elementor-grid-mobile-1 exad-sticky-section-no exad-glass-effect-no elementor-widget elementor-widget-portfolio\" data-id=\"1f773b5\" data-element_type=\"widget\" data-e-type=\"widget\" data-settings=\"{&quot;row_gap&quot;:{&quot;unit&quot;:&quot;px&quot;,&quot;size&quot;:20,&quot;sizes&quot;:[]},&quot;columns&quot;:&quot;3&quot;,&quot;columns_tablet&quot;:&quot;2&quot;,&quot;columns_mobile&quot;:&quot;1&quot;,&quot;item_ratio&quot;:{&quot;unit&quot;:&quot;px&quot;,&quot;size&quot;:0.66,&quot;sizes&quot;:[]},&quot;item_gap&quot;:{&quot;unit&quot;:&quot;px&quot;,&quot;size&quot;:&quot;&quot;,&quot;sizes&quot;:[]}}\" data-widget_type=\"portfolio.default\">\n\t\t\t\t<div class=\"elementor-widget-container\">\n\t\t\t\t\t\t\t<div class=\"elementor-portfolio elementor-grid elementor-posts-container\" role=\"list\">\n\t\t\t\t<article class=\"elementor-portfolio-item elementor-post  post-2017 post type-post status-publish format-standard has-post-thumbnail hentry category-blog category-noticias\" role=\"listitem\">\n\t\t\t<a class=\"elementor-post__thumbnail__link\" href=\"https:\/\/smasp.org\/web1\/de-lo-local-a-lo-global-como-la-ia-esta-democratizando-la-agricultura-de-precision-copy\/\">\n\t\t\t\t<div class=\"elementor-portfolio-item__img elementor-post__thumbnail\">\n\t\t\t<img decoding=\"async\" width=\"300\" height=\"164\" src=\"https:\/\/smasp.org\/web1\/wp-content\/uploads\/2026\/03\/agricultor_1-300x164.png\" class=\"attachment-medium size-medium wp-image-2018\" alt=\"\" srcset=\"https:\/\/smasp.org\/web1\/wp-content\/uploads\/2026\/03\/agricultor_1-300x164.png 300w, https:\/\/smasp.org\/web1\/wp-content\/uploads\/2026\/03\/agricultor_1-1024x559.png 1024w, https:\/\/smasp.org\/web1\/wp-content\/uploads\/2026\/03\/agricultor_1-768x419.png 768w, https:\/\/smasp.org\/web1\/wp-content\/uploads\/2026\/03\/agricultor_1.png 1408w\" sizes=\"(max-width: 300px) 100vw, 300px\" \/>\t\t<\/div>\n\t\t\t\t<div class=\"elementor-portfolio-item__overlay\">\n\t\t\t\t<h2 class=\"elementor-portfolio-item__title\">\n\t\tRevolucionando la Predicci\u00f3n de Estr\u00e9s en los cultivos\t\t<\/h2>\n\t\t\t\t<\/div>\n\t\t\t\t<\/a>\n\t\t<\/article>\n\t\t\t\t<article class=\"elementor-portfolio-item elementor-post  post-1999 post type-post status-publish format-standard has-post-thumbnail hentry category-blog category-noticias\" role=\"listitem\">\n\t\t\t<a class=\"elementor-post__thumbnail__link\" href=\"https:\/\/smasp.org\/web1\/de-lo-local-a-lo-global-como-la-ia-esta-democratizando-la-agricultura-de-precision\/\">\n\t\t\t\t<div class=\"elementor-portfolio-item__img elementor-post__thumbnail\">\n\t\t\t<img fetchpriority=\"high\" decoding=\"async\" width=\"300\" height=\"300\" src=\"https:\/\/smasp.org\/web1\/wp-content\/uploads\/2026\/02\/holografiaa-300x300.png\" class=\"attachment-medium size-medium wp-image-2006\" alt=\"\" srcset=\"https:\/\/smasp.org\/web1\/wp-content\/uploads\/2026\/02\/holografiaa-300x300.png 300w, https:\/\/smasp.org\/web1\/wp-content\/uploads\/2026\/02\/holografiaa-150x150.png 150w, https:\/\/smasp.org\/web1\/wp-content\/uploads\/2026\/02\/holografiaa-768x768.png 768w, https:\/\/smasp.org\/web1\/wp-content\/uploads\/2026\/02\/holografiaa.png 1024w\" sizes=\"(max-width: 300px) 100vw, 300px\" \/>\t\t<\/div>\n\t\t\t\t<div class=\"elementor-portfolio-item__overlay\">\n\t\t\t\t<h2 class=\"elementor-portfolio-item__title\">\n\t\tDe lo Local a lo Global: C\u00f3mo la IA est\u00e1 Democratizando la Agricultura de Precisi\u00f3n\t\t<\/h2>\n\t\t\t\t<\/div>\n\t\t\t\t<\/a>\n\t\t<\/article>\n\t\t\t\t<article class=\"elementor-portfolio-item elementor-post  post-1851 post type-post status-publish format-standard hentry category-noticias tag-agricultura\" role=\"listitem\">\n\t\t\t<a class=\"elementor-post__thumbnail__link\" href=\"https:\/\/smasp.org\/web1\/la-crisis-que-nadie-ve-pero-todos-sufren\/\">\n\t\t\t\t<div class=\"elementor-portfolio-item__img elementor-post__thumbnail\">\n\t\t\t\t\t<\/div>\n\t\t\t\t<div class=\"elementor-portfolio-item__overlay\">\n\t\t\t\t<h2 class=\"elementor-portfolio-item__title\">\n\t\tLA CRISIS QUE NADIE VE PERO TODOS SUFREN\t\t<\/h2>\n\t\t\t\t<\/div>\n\t\t\t\t<\/a>\n\t\t<\/article>\n\t\t\t\t<article class=\"elementor-portfolio-item elementor-post  post-1824 post type-post status-publish format-standard has-post-thumbnail hentry category-noticias tag-soldadura\" role=\"listitem\">\n\t\t\t<a class=\"elementor-post__thumbnail__link\" href=\"https:\/\/smasp.org\/web1\/shine-weld-revolucionando-la-soldadura-con-inteligencia-artificial\/\">\n\t\t\t\t<div class=\"elementor-portfolio-item__img elementor-post__thumbnail\">\n\t\t\t<img decoding=\"async\" width=\"300\" height=\"200\" src=\"https:\/\/smasp.org\/web1\/wp-content\/uploads\/2025\/03\/shinweld-1-300x200.png\" class=\"attachment-medium size-medium wp-image-1701\" alt=\"\" srcset=\"https:\/\/smasp.org\/web1\/wp-content\/uploads\/2025\/03\/shinweld-1-300x200.png 300w, https:\/\/smasp.org\/web1\/wp-content\/uploads\/2025\/03\/shinweld-1-1024x684.png 1024w, https:\/\/smasp.org\/web1\/wp-content\/uploads\/2025\/03\/shinweld-1-768x513.png 768w, https:\/\/smasp.org\/web1\/wp-content\/uploads\/2025\/03\/shinweld-1-1536x1026.png 1536w, https:\/\/smasp.org\/web1\/wp-content\/uploads\/2025\/03\/shinweld-1.png 1705w\" sizes=\"(max-width: 300px) 100vw, 300px\" \/>\t\t<\/div>\n\t\t\t\t<div class=\"elementor-portfolio-item__overlay\">\n\t\t\t\t<h2 class=\"elementor-portfolio-item__title\">\n\t\tSHINEWELD: Revolucionando la soldadura con Inteligencia artificial\t\t<\/h2>\n\t\t\t\t<\/div>\n\t\t\t\t<\/a>\n\t\t<\/article>\n\t\t\t\t<article class=\"elementor-portfolio-item elementor-post  post-1637 post type-post status-publish format-standard has-post-thumbnail hentry category-blog category-noticias\" role=\"listitem\">\n\t\t\t<a class=\"elementor-post__thumbnail__link\" href=\"https:\/\/smasp.org\/web1\/smartint-cultiva-tu-supervivencia-alimenta-tu-futuro\/\">\n\t\t\t\t<div class=\"elementor-portfolio-item__img elementor-post__thumbnail\">\n\t\t\t<img loading=\"lazy\" decoding=\"async\" width=\"225\" height=\"300\" src=\"https:\/\/smasp.org\/web1\/wp-content\/uploads\/2024\/04\/real_photo-225x300.jpg\" class=\"attachment-medium size-medium wp-image-1369\" alt=\"\" srcset=\"https:\/\/smasp.org\/web1\/wp-content\/uploads\/2024\/04\/real_photo-225x300.jpg 225w, https:\/\/smasp.org\/web1\/wp-content\/uploads\/2024\/04\/real_photo-768x1024.jpg 768w, https:\/\/smasp.org\/web1\/wp-content\/uploads\/2024\/04\/real_photo-1152x1536.jpg 1152w, https:\/\/smasp.org\/web1\/wp-content\/uploads\/2024\/04\/real_photo-1536x2048.jpg 1536w, https:\/\/smasp.org\/web1\/wp-content\/uploads\/2024\/04\/real_photo-scaled.jpg 1920w\" sizes=\"(max-width: 225px) 100vw, 225px\" \/>\t\t<\/div>\n\t\t\t\t<div class=\"elementor-portfolio-item__overlay\">\n\t\t\t\t<h2 class=\"elementor-portfolio-item__title\">\n\t\tSMARTINT: Cultiva Tu Supervivencia, Alimenta Tu Futuro\t\t<\/h2>\n\t\t\t\t<\/div>\n\t\t\t\t<\/a>\n\t\t<\/article>\n\t\t\t\t<article class=\"elementor-portfolio-item elementor-post  post-1574 post type-post status-publish format-standard has-post-thumbnail hentry category-noticias\" role=\"listitem\">\n\t\t\t<a class=\"elementor-post__thumbnail__link\" href=\"https:\/\/smasp.org\/web1\/redes_inalambricas\/\">\n\t\t\t\t<div class=\"elementor-portfolio-item__img elementor-post__thumbnail\">\n\t\t\t<img loading=\"lazy\" decoding=\"async\" width=\"300\" height=\"228\" src=\"https:\/\/smasp.org\/web1\/wp-content\/uploads\/2024\/09\/ianalabricas-300x228.jpg\" class=\"attachment-medium size-medium wp-image-1595\" alt=\"\" srcset=\"https:\/\/smasp.org\/web1\/wp-content\/uploads\/2024\/09\/ianalabricas-300x228.jpg 300w, https:\/\/smasp.org\/web1\/wp-content\/uploads\/2024\/09\/ianalabricas.jpg 678w\" sizes=\"(max-width: 300px) 100vw, 300px\" \/>\t\t<\/div>\n\t\t\t\t<div class=\"elementor-portfolio-item__overlay\">\n\t\t\t\t<h2 class=\"elementor-portfolio-item__title\">\n\t\tRevoluci\u00f3n Inal\u00e1mbrica: Comparativa de Tecnolog\u00edas de Comunicaci\u00f3n\t\t<\/h2>\n\t\t\t\t<\/div>\n\t\t\t\t<\/a>\n\t\t<\/article>\n\t\t\t\t<\/div>\n\t\t\t\t\t\t<\/div>\n\t\t\t\t<\/div>\n\t\t\t\t\t<\/div>\n\t\t\t\t<\/div>\n\t\t\t\t<\/div>\n\t\t","protected":false},"excerpt":{"rendered":"","protected":false},"author":1,"featured_media":0,"parent":0,"menu_order":0,"comment_status":"closed","ping_status":"closed","template":"","meta":{"_bbp_topic_count":0,"_bbp_reply_count":0,"_bbp_total_topic_count":0,"_bbp_total_reply_count":0,"_bbp_voice_count":0,"_bbp_anonymous_reply_count":0,"_bbp_topic_count_hidden":0,"_bbp_reply_count_hidden":0,"_bbp_forum_subforum_count":0,"_eb_attr":"","om_disable_all_campaigns":false,"_monsterinsights_skip_tracking":false,"_monsterinsights_sitenote_active":false,"_monsterinsights_sitenote_note":"","_monsterinsights_sitenote_category":0,"_uf_show_specific_survey":0,"_uf_disable_surveys":false,"footnotes":""},"class_list":["post-35","page","type-page","status-publish","hentry"],"yoast_head":"<!-- This site is optimized with the Yoast SEO plugin v27.1.1 - https:\/\/yoast.com\/product\/yoast-seo-wordpress\/ -->\n<title>NOTICIAS - SMASP<\/title>\n<meta name=\"robots\" content=\"index, follow, max-snippet:-1, max-image-preview:large, max-video-preview:-1\" \/>\n<link rel=\"canonical\" href=\"https:\/\/smasp.org\/web1\/noticias\/\" \/>\n<meta property=\"og:locale\" content=\"es_ES\" \/>\n<meta property=\"og:type\" content=\"article\" \/>\n<meta property=\"og:title\" content=\"NOTICIAS - SMASP\" \/>\n<meta property=\"og:url\" content=\"https:\/\/smasp.org\/web1\/noticias\/\" \/>\n<meta property=\"og:site_name\" content=\"SMASP\" \/>\n<meta property=\"article:modified_time\" content=\"2023-08-25T11:44:29+00:00\" \/>\n<meta name=\"twitter:card\" content=\"summary_large_image\" \/>\n<meta name=\"twitter:label1\" content=\"Tiempo de lectura\" \/>\n\t<meta name=\"twitter:data1\" content=\"1 minuto\" \/>\n<script type=\"application\/ld+json\" class=\"yoast-schema-graph\">{\"@context\":\"https:\/\/schema.org\",\"@graph\":[{\"@type\":\"WebPage\",\"@id\":\"https:\/\/smasp.org\/web1\/noticias\/\",\"url\":\"https:\/\/smasp.org\/web1\/noticias\/\",\"name\":\"NOTICIAS - SMASP\",\"isPartOf\":{\"@id\":\"https:\/\/smasp.org\/web1\/#website\"},\"datePublished\":\"2023-08-14T10:23:36+00:00\",\"dateModified\":\"2023-08-25T11:44:29+00:00\",\"breadcrumb\":{\"@id\":\"https:\/\/smasp.org\/web1\/noticias\/#breadcrumb\"},\"inLanguage\":\"es\",\"potentialAction\":[{\"@type\":\"ReadAction\",\"target\":[\"https:\/\/smasp.org\/web1\/noticias\/\"]}]},{\"@type\":\"BreadcrumbList\",\"@id\":\"https:\/\/smasp.org\/web1\/noticias\/#breadcrumb\",\"itemListElement\":[{\"@type\":\"ListItem\",\"position\":1,\"name\":\"Home\",\"item\":\"https:\/\/smasp.org\/web1\/\"},{\"@type\":\"ListItem\",\"position\":2,\"name\":\"NOTICIAS\"}]},{\"@type\":\"WebSite\",\"@id\":\"https:\/\/smasp.org\/web1\/#website\",\"url\":\"https:\/\/smasp.org\/web1\/\",\"name\":\"SMASP\",\"description\":\"SMASP\",\"publisher\":{\"@id\":\"https:\/\/smasp.org\/web1\/#organization\"},\"potentialAction\":[{\"@type\":\"SearchAction\",\"target\":{\"@type\":\"EntryPoint\",\"urlTemplate\":\"https:\/\/smasp.org\/web1\/?s={search_term_string}\"},\"query-input\":{\"@type\":\"PropertyValueSpecification\",\"valueRequired\":true,\"valueName\":\"search_term_string\"}}],\"inLanguage\":\"es\"},{\"@type\":\"Organization\",\"@id\":\"https:\/\/smasp.org\/web1\/#organization\",\"name\":\"SMASP\",\"url\":\"https:\/\/smasp.org\/web1\/\",\"logo\":{\"@type\":\"ImageObject\",\"inLanguage\":\"es\",\"@id\":\"https:\/\/smasp.org\/web1\/#\/schema\/logo\/image\/\",\"url\":\"https:\/\/smasp.org\/web1\/wp-content\/uploads\/2023\/08\/SMASP_logo_RGB_1_512.png\",\"contentUrl\":\"https:\/\/smasp.org\/web1\/wp-content\/uploads\/2023\/08\/SMASP_logo_RGB_1_512.png\",\"width\":512,\"height\":550,\"caption\":\"SMASP\"},\"image\":{\"@id\":\"https:\/\/smasp.org\/web1\/#\/schema\/logo\/image\/\"}}]}<\/script>\n<!-- \/ Yoast SEO plugin. -->","yoast_head_json":{"title":"NOTICIAS - SMASP","robots":{"index":"index","follow":"follow","max-snippet":"max-snippet:-1","max-image-preview":"max-image-preview:large","max-video-preview":"max-video-preview:-1"},"canonical":"https:\/\/smasp.org\/web1\/noticias\/","og_locale":"es_ES","og_type":"article","og_title":"NOTICIAS - SMASP","og_url":"https:\/\/smasp.org\/web1\/noticias\/","og_site_name":"SMASP","article_modified_time":"2023-08-25T11:44:29+00:00","twitter_card":"summary_large_image","twitter_misc":{"Tiempo de lectura":"1 minuto"},"schema":{"@context":"https:\/\/schema.org","@graph":[{"@type":"WebPage","@id":"https:\/\/smasp.org\/web1\/noticias\/","url":"https:\/\/smasp.org\/web1\/noticias\/","name":"NOTICIAS - SMASP","isPartOf":{"@id":"https:\/\/smasp.org\/web1\/#website"},"datePublished":"2023-08-14T10:23:36+00:00","dateModified":"2023-08-25T11:44:29+00:00","breadcrumb":{"@id":"https:\/\/smasp.org\/web1\/noticias\/#breadcrumb"},"inLanguage":"es","potentialAction":[{"@type":"ReadAction","target":["https:\/\/smasp.org\/web1\/noticias\/"]}]},{"@type":"BreadcrumbList","@id":"https:\/\/smasp.org\/web1\/noticias\/#breadcrumb","itemListElement":[{"@type":"ListItem","position":1,"name":"Home","item":"https:\/\/smasp.org\/web1\/"},{"@type":"ListItem","position":2,"name":"NOTICIAS"}]},{"@type":"WebSite","@id":"https:\/\/smasp.org\/web1\/#website","url":"https:\/\/smasp.org\/web1\/","name":"SMASP","description":"SMASP","publisher":{"@id":"https:\/\/smasp.org\/web1\/#organization"},"potentialAction":[{"@type":"SearchAction","target":{"@type":"EntryPoint","urlTemplate":"https:\/\/smasp.org\/web1\/?s={search_term_string}"},"query-input":{"@type":"PropertyValueSpecification","valueRequired":true,"valueName":"search_term_string"}}],"inLanguage":"es"},{"@type":"Organization","@id":"https:\/\/smasp.org\/web1\/#organization","name":"SMASP","url":"https:\/\/smasp.org\/web1\/","logo":{"@type":"ImageObject","inLanguage":"es","@id":"https:\/\/smasp.org\/web1\/#\/schema\/logo\/image\/","url":"https:\/\/smasp.org\/web1\/wp-content\/uploads\/2023\/08\/SMASP_logo_RGB_1_512.png","contentUrl":"https:\/\/smasp.org\/web1\/wp-content\/uploads\/2023\/08\/SMASP_logo_RGB_1_512.png","width":512,"height":550,"caption":"SMASP"},"image":{"@id":"https:\/\/smasp.org\/web1\/#\/schema\/logo\/image\/"}}]}},"_links":{"self":[{"href":"https:\/\/smasp.org\/web1\/wp-json\/wp\/v2\/pages\/35","targetHints":{"allow":["GET"]}}],"collection":[{"href":"https:\/\/smasp.org\/web1\/wp-json\/wp\/v2\/pages"}],"about":[{"href":"https:\/\/smasp.org\/web1\/wp-json\/wp\/v2\/types\/page"}],"author":[{"embeddable":true,"href":"https:\/\/smasp.org\/web1\/wp-json\/wp\/v2\/users\/1"}],"replies":[{"embeddable":true,"href":"https:\/\/smasp.org\/web1\/wp-json\/wp\/v2\/comments?post=35"}],"version-history":[{"count":4,"href":"https:\/\/smasp.org\/web1\/wp-json\/wp\/v2\/pages\/35\/revisions"}],"predecessor-version":[{"id":1098,"href":"https:\/\/smasp.org\/web1\/wp-json\/wp\/v2\/pages\/35\/revisions\/1098"}],"wp:attachment":[{"href":"https:\/\/smasp.org\/web1\/wp-json\/wp\/v2\/media?parent=35"}],"curies":[{"name":"wp","href":"https:\/\/api.w.org\/{rel}","templated":true}]}}